{"id":2259,"date":"2024-07-01T15:43:52","date_gmt":"2024-07-01T15:43:52","guid":{"rendered":"https:\/\/fuerteventurabeachhouse.com\/home\/"},"modified":"2025-06-18T20:12:24","modified_gmt":"2025-06-18T19:12:24","slug":"home","status":"publish","type":"page","link":"https:\/\/fuerteventurabeachhouse.com\/en\/","title":{"rendered":"Home"},"content":{"rendered":"<div data-elementor-type=\"wp-page\" data-elementor-id=\"2259\" class=\"elementor elementor-2259\" data-elementor-post-type=\"page\">\n\t\t\t\t<div class=\"elementor-element elementor-element-517af30 e-con-full e-flex e-con e-parent\" data-id=\"517af30\" data-element_type=\"container\">\n\t\t\t\t<div class=\"elementor-element elementor-element-d29546a elementor-arrows-position-inside elementor-pagination-position-outside elementor-widget elementor-widget-image-carousel\" data-id=\"d29546a\" data-element_type=\"widget\" data-settings=\"{&quot;lazyload&quot;:&quot;yes&quot;,&quot;slides_to_show&quot;:&quot;3&quot;,&quot;slides_to_scroll&quot;:&quot;3&quot;,&quot;image_spacing_custom&quot;:{&quot;unit&quot;:&quot;px&quot;,&quot;size&quot;:24,&quot;sizes&quot;:[]},&quot;navigation&quot;:&quot;both&quot;,&quot;autoplay&quot;:&quot;yes&quot;,&quot;pause_on_hover&quot;:&quot;yes&quot;,&quot;pause_on_interaction&quot;:&quot;yes&quot;,&quot;autoplay_speed&quot;:5000,&quot;infinite&quot;:&quot;yes&quot;,&quot;speed&quot;:500,&quot;image_spacing_custom_tablet&quot;:{&quot;unit&quot;:&quot;px&quot;,&quot;size&quot;:&quot;&quot;,&quot;sizes&quot;:[]},&quot;image_spacing_custom_mobile&quot;:{&quot;unit&quot;:&quot;px&quot;,&quot;size&quot;:&quot;&quot;,&quot;sizes&quot;:[]}}\" data-widget_type=\"image-carousel.default\">\n\t\t\t\t<div class=\"elementor-widget-container\">\n\t\t\t\t\t\t\t<div class=\"elementor-image-carousel-wrapper swiper\" role=\"region\" aria-roledescription=\"carousel\" aria-label=\"Image Carousel\" dir=\"ltr\">\n\t\t\t<div class=\"elementor-image-carousel swiper-wrapper\" aria-live=\"off\">\n\t\t\t\t\t\t\t\t<div class=\"swiper-slide\" role=\"group\" aria-roledescription=\"slide\" aria-label=\"1 of 12\"><figure class=\"swiper-slide-inner\"><img decoding=async data-opt-id=1407869370  fetchpriority=\"high\" class=\"swiper-slide-image swiper-lazy\" data-src=\"https:\/\/mlmde7plnqzk.i.optimole.com\/w:auto\/h:auto\/q:mauto\/ig:avif\/https:\/\/fuerteventurabeachhouse.com\/wp-content\/uploads\/2025\/06\/001-scaled.jpg\" alt=\"001\" \/><div class=\"swiper-lazy-preloader\"><\/div><\/figure><\/div><div class=\"swiper-slide\" role=\"group\" aria-roledescription=\"slide\" aria-label=\"2 of 12\"><figure class=\"swiper-slide-inner\"><img decoding=async data-opt-id=1885661379  fetchpriority=\"high\" class=\"swiper-slide-image swiper-lazy\" data-src=\"https:\/\/mlmde7plnqzk.i.optimole.com\/w:auto\/h:auto\/q:mauto\/ig:avif\/https:\/\/fuerteventurabeachhouse.com\/wp-content\/uploads\/2025\/06\/035-scaled.jpg\" alt=\"035\" \/><div class=\"swiper-lazy-preloader\"><\/div><\/figure><\/div><div class=\"swiper-slide\" role=\"group\" aria-roledescription=\"slide\" aria-label=\"3 of 12\"><figure class=\"swiper-slide-inner\"><img decoding=async data-opt-id=560274802  data-opt-src=\"https:\/\/mlmde7plnqzk.i.optimole.com\/w:auto\/h:auto\/q:mauto\/ig:avif\/https:\/\/fuerteventurabeachhouse.com\/wp-content\/uploads\/2025\/06\/029-scaled.jpg\"  class=\"swiper-slide-image swiper-lazy\" data-src=\"https:\/\/mlmde7plnqzk.i.optimole.com\/w:auto\/h:auto\/q:mauto\/ig:avif\/https:\/\/fuerteventurabeachhouse.com\/wp-content\/uploads\/2025\/06\/029-scaled.jpg\" alt=\"029\" \/><div class=\"swiper-lazy-preloader\"><\/div><\/figure><\/div><div class=\"swiper-slide\" role=\"group\" aria-roledescription=\"slide\" aria-label=\"4 of 12\"><figure class=\"swiper-slide-inner\"><img decoding=async data-opt-id=1340085312  data-opt-src=\"https:\/\/mlmde7plnqzk.i.optimole.com\/w:auto\/h:auto\/q:mauto\/ig:avif\/https:\/\/fuerteventurabeachhouse.com\/wp-content\/uploads\/2025\/06\/030-scaled.jpg\"  class=\"swiper-slide-image swiper-lazy\" data-src=\"https:\/\/mlmde7plnqzk.i.optimole.com\/w:auto\/h:auto\/q:mauto\/ig:avif\/https:\/\/fuerteventurabeachhouse.com\/wp-content\/uploads\/2025\/06\/030-scaled.jpg\" alt=\"030\" \/><div class=\"swiper-lazy-preloader\"><\/div><\/figure><\/div><div class=\"swiper-slide\" role=\"group\" aria-roledescription=\"slide\" aria-label=\"5 of 12\"><figure class=\"swiper-slide-inner\"><img decoding=async data-opt-id=2084794952  data-opt-src=\"https:\/\/mlmde7plnqzk.i.optimole.com\/w:auto\/h:auto\/q:mauto\/ig:avif\/https:\/\/fuerteventurabeachhouse.com\/wp-content\/uploads\/2025\/06\/020-scaled.jpg\"  class=\"swiper-slide-image swiper-lazy\" data-src=\"https:\/\/mlmde7plnqzk.i.optimole.com\/w:auto\/h:auto\/q:mauto\/ig:avif\/https:\/\/fuerteventurabeachhouse.com\/wp-content\/uploads\/2025\/06\/020-scaled.jpg\" alt=\"020\" \/><div class=\"swiper-lazy-preloader\"><\/div><\/figure><\/div><div class=\"swiper-slide\" role=\"group\" aria-roledescription=\"slide\" aria-label=\"6 of 12\"><figure class=\"swiper-slide-inner\"><img decoding=async data-opt-id=49292055  data-opt-src=\"https:\/\/mlmde7plnqzk.i.optimole.com\/w:auto\/h:auto\/q:mauto\/ig:avif\/https:\/\/fuerteventurabeachhouse.com\/wp-content\/uploads\/2025\/06\/017-scaled.jpg\"  class=\"swiper-slide-image swiper-lazy\" data-src=\"https:\/\/mlmde7plnqzk.i.optimole.com\/w:auto\/h:auto\/q:mauto\/ig:avif\/https:\/\/fuerteventurabeachhouse.com\/wp-content\/uploads\/2025\/06\/017-scaled.jpg\" alt=\"017\" \/><div class=\"swiper-lazy-preloader\"><\/div><\/figure><\/div><div class=\"swiper-slide\" role=\"group\" aria-roledescription=\"slide\" aria-label=\"7 of 12\"><figure class=\"swiper-slide-inner\"><img decoding=async data-opt-id=1216885762  data-opt-src=\"https:\/\/mlmde7plnqzk.i.optimole.com\/w:auto\/h:auto\/q:mauto\/ig:avif\/https:\/\/fuerteventurabeachhouse.com\/wp-content\/uploads\/2025\/06\/026-scaled.jpg\"  class=\"swiper-slide-image swiper-lazy\" data-src=\"https:\/\/mlmde7plnqzk.i.optimole.com\/w:auto\/h:auto\/q:mauto\/ig:avif\/https:\/\/fuerteventurabeachhouse.com\/wp-content\/uploads\/2025\/06\/026-scaled.jpg\" alt=\"026\" \/><div class=\"swiper-lazy-preloader\"><\/div><\/figure><\/div><div class=\"swiper-slide\" role=\"group\" aria-roledescription=\"slide\" aria-label=\"8 of 12\"><figure class=\"swiper-slide-inner\"><img decoding=async data-opt-id=2146626563  data-opt-src=\"https:\/\/mlmde7plnqzk.i.optimole.com\/w:auto\/h:auto\/q:mauto\/ig:avif\/https:\/\/fuerteventurabeachhouse.com\/wp-content\/uploads\/2025\/06\/031-scaled.jpg\"  class=\"swiper-slide-image swiper-lazy\" data-src=\"https:\/\/mlmde7plnqzk.i.optimole.com\/w:auto\/h:auto\/q:mauto\/ig:avif\/https:\/\/fuerteventurabeachhouse.com\/wp-content\/uploads\/2025\/06\/031-scaled.jpg\" alt=\"031\" \/><div class=\"swiper-lazy-preloader\"><\/div><\/figure><\/div><div class=\"swiper-slide\" role=\"group\" aria-roledescription=\"slide\" aria-label=\"9 of 12\"><figure class=\"swiper-slide-inner\"><img decoding=async data-opt-id=1458871518  data-opt-src=\"https:\/\/mlmde7plnqzk.i.optimole.com\/w:auto\/h:auto\/q:mauto\/ig:avif\/https:\/\/fuerteventurabeachhouse.com\/wp-content\/uploads\/2025\/06\/012-scaled.jpg\"  class=\"swiper-slide-image swiper-lazy\" data-src=\"https:\/\/mlmde7plnqzk.i.optimole.com\/w:auto\/h:auto\/q:mauto\/ig:avif\/https:\/\/fuerteventurabeachhouse.com\/wp-content\/uploads\/2025\/06\/012-scaled.jpg\" alt=\"012\" \/><div class=\"swiper-lazy-preloader\"><\/div><\/figure><\/div><div class=\"swiper-slide\" role=\"group\" aria-roledescription=\"slide\" aria-label=\"10 of 12\"><figure class=\"swiper-slide-inner\"><img decoding=async data-opt-id=2054430387  data-opt-src=\"https:\/\/mlmde7plnqzk.i.optimole.com\/w:auto\/h:auto\/q:mauto\/ig:avif\/https:\/\/fuerteventurabeachhouse.com\/wp-content\/uploads\/2025\/06\/023-scaled.jpg\"  class=\"swiper-slide-image swiper-lazy\" data-src=\"https:\/\/mlmde7plnqzk.i.optimole.com\/w:auto\/h:auto\/q:mauto\/ig:avif\/https:\/\/fuerteventurabeachhouse.com\/wp-content\/uploads\/2025\/06\/023-scaled.jpg\" alt=\"023\" \/><div class=\"swiper-lazy-preloader\"><\/div><\/figure><\/div><div class=\"swiper-slide\" role=\"group\" aria-roledescription=\"slide\" aria-label=\"11 of 12\"><figure class=\"swiper-slide-inner\"><img decoding=async data-opt-id=1514878737  data-opt-src=\"https:\/\/mlmde7plnqzk.i.optimole.com\/w:auto\/h:auto\/q:mauto\/ig:avif\/https:\/\/fuerteventurabeachhouse.com\/wp-content\/uploads\/2025\/06\/008-scaled.jpg\"  class=\"swiper-slide-image swiper-lazy\" data-src=\"https:\/\/mlmde7plnqzk.i.optimole.com\/w:auto\/h:auto\/q:mauto\/ig:avif\/https:\/\/fuerteventurabeachhouse.com\/wp-content\/uploads\/2025\/06\/008-scaled.jpg\" alt=\"008\" \/><div class=\"swiper-lazy-preloader\"><\/div><\/figure><\/div><div class=\"swiper-slide\" role=\"group\" aria-roledescription=\"slide\" aria-label=\"12 of 12\"><figure class=\"swiper-slide-inner\"><img decoding=async data-opt-id=484635479  data-opt-src=\"https:\/\/mlmde7plnqzk.i.optimole.com\/w:auto\/h:auto\/q:mauto\/ig:avif\/https:\/\/fuerteventurabeachhouse.com\/wp-content\/uploads\/2025\/06\/006-scaled.jpg\"  class=\"swiper-slide-image swiper-lazy\" data-src=\"https:\/\/mlmde7plnqzk.i.optimole.com\/w:auto\/h:auto\/q:mauto\/ig:avif\/https:\/\/fuerteventurabeachhouse.com\/wp-content\/uploads\/2025\/06\/006-scaled.jpg\" alt=\"006\" \/><div class=\"swiper-lazy-preloader\"><\/div><\/figure><\/div>\t\t\t<\/div>\n\t\t\t\t\t\t\t\t\t\t\t\t<div class=\"elementor-swiper-button elementor-swiper-button-prev\" role=\"button\" tabindex=\"0\">\n\t\t\t\t\t\t<svg aria-hidden=\"true\" class=\"e-font-icon-svg e-eicon-chevron-left\" viewbox=\"0 0 1000 1000\" xmlns=\"http:\/\/www.w3.org\/2000\/svg\"><path d=\"M646 125C629 125 613 133 604 142L308 442C296 454 292 471 292 487 292 504 296 521 308 533L604 854C617 867 629 875 646 875 663 875 679 871 692 858 704 846 713 829 713 812 713 796 708 779 692 767L438 487 692 225C700 217 708 204 708 187 708 171 704 154 692 142 675 129 663 125 646 125Z\"><\/path><\/svg>\t\t\t\t\t<\/div>\n\t\t\t\t\t<div class=\"elementor-swiper-button elementor-swiper-button-next\" role=\"button\" tabindex=\"0\">\n\t\t\t\t\t\t<svg aria-hidden=\"true\" class=\"e-font-icon-svg e-eicon-chevron-right\" viewbox=\"0 0 1000 1000\" xmlns=\"http:\/\/www.w3.org\/2000\/svg\"><path d=\"M696 533C708 521 713 504 713 487 713 471 708 454 696 446L400 146C388 133 375 125 354 125 338 125 325 129 313 142 300 154 292 171 292 187 292 204 296 221 308 233L563 492 304 771C292 783 288 800 288 817 288 833 296 850 308 863 321 871 338 875 354 875 371 875 388 867 400 854L696 533Z\"><\/path><\/svg>\t\t\t\t\t<\/div>\n\t\t\t\t\n\t\t\t\t\t\t\t\t\t<div class=\"swiper-pagination\"><\/div>\n\t\t\t\t\t\t\t\t\t<\/div>\n\t\t\t\t\t\t<\/div>\n\t\t\t\t<\/div>\n\t\t\t\t<div class=\"elementor-element elementor-element-7773cc3 elementor-widget elementor-widget-heading\" data-id=\"7773cc3\" data-element_type=\"widget\" data-widget_type=\"heading.default\">\n\t\t\t\t<div class=\"elementor-widget-container\">\n\t\t\t\t\t<h3 class=\"elementor-heading-title elementor-size-default\"><b>BEACH HOUSE CHRISTINE -\nCOSTA CALMA, FUERTEVENTURA<\/b><\/h3>\t\t\t\t<\/div>\n\t\t\t\t<\/div>\n\t\t<div class=\"elementor-element elementor-element-11f1197 e-flex e-con-boxed e-con e-child\" data-id=\"11f1197\" data-element_type=\"container\">\n\t\t\t\t\t<div class=\"e-con-inner\">\n\t\t\t\t<div class=\"elementor-element elementor-element-6e63abe elementor-widget__width-initial elementor-widget elementor-widget-heading\" data-id=\"6e63abe\" data-element_type=\"widget\" data-widget_type=\"heading.default\">\n\t\t\t\t<div class=\"elementor-widget-container\">\n\t\t\t\t\t<h2 class=\"elementor-heading-title elementor-size-default\">Short Description<\/h2>\t\t\t\t<\/div>\n\t\t\t\t<\/div>\n\t\t\t\t<div class=\"elementor-element elementor-element-378478c elementor-widget__width-initial elementor-widget elementor-widget-text-editor\" data-id=\"378478c\" data-element_type=\"widget\" data-widget_type=\"text-editor.default\">\n\t\t\t\t<div class=\"elementor-widget-container\">\n\t\t\t\t\t\t\t\t\t<p align=\"left\">The beach apartment is located in Costa Calma (meaning \"calm coast\"), the narrowest part of Fuerteventura. Costa Calma is a town on the island offering numerous shopping opportunities, restaurants, and leisure activities. The apartment has direct access to the beach. The light sandy beach, which begins here, stretches almost all the way to the end of Morro Jable.<\/p>\t\t\t\t\t\t\t\t<\/div>\n\t\t\t\t<\/div>\n\t\t<div class=\"elementor-element elementor-element-3916ef6 e-con-full e-flex e-con e-child\" data-id=\"3916ef6\" data-element_type=\"container\">\n\t\t\t\t<div class=\"elementor-element elementor-element-117dccc elementor-widget__width-initial elementor-widget elementor-widget-heading\" data-id=\"117dccc\" data-element_type=\"widget\" data-widget_type=\"heading.default\">\n\t\t\t\t<div class=\"elementor-widget-container\">\n\t\t\t\t\t<h2 class=\"elementor-heading-title elementor-size-default\">Living space: approx. 98 sqm<\/h2>\t\t\t\t<\/div>\n\t\t\t\t<\/div>\n\t\t\t\t<div class=\"elementor-element elementor-element-fe77f3e elementor-align-left elementor-widget__width-initial elementor-list-item-link-full_width elementor-widget elementor-widget-icon-list\" data-id=\"fe77f3e\" data-element_type=\"widget\" data-widget_type=\"icon-list.default\">\n\t\t\t\t<div class=\"elementor-widget-container\">\n\t\t\t\t\t\t\t<ul class=\"elementor-icon-list-items\">\n\t\t\t\t\t\t\t<li class=\"elementor-icon-list-item\">\n\t\t\t\t\t\t\t\t\t\t\t<span class=\"elementor-icon-list-icon\">\n\t\t\t\t\t\t\t<svg aria-hidden=\"true\" class=\"e-font-icon-svg e-fas-caret-right\" viewbox=\"0 0 192 512\" xmlns=\"http:\/\/www.w3.org\/2000\/svg\"><path d=\"M0 384.662V127.338c0-17.818 21.543-26.741 34.142-14.142l128.662 128.662c7.81 7.81 7.81 20.474 0 28.284L34.142 398.804C21.543 411.404 0 402.48 0 384.662z\"><\/path><\/svg>\t\t\t\t\t\t<\/span>\n\t\t\t\t\t\t\t\t\t\t<span class=\"elementor-icon-list-text\">Situated 4 metres above sea level, directly on the beachfront<\/span>\n\t\t\t\t\t\t\t\t\t<\/li>\n\t\t\t\t\t\t\t\t<li class=\"elementor-icon-list-item\">\n\t\t\t\t\t\t\t\t\t\t\t<span class=\"elementor-icon-list-icon\">\n\t\t\t\t\t\t\t<svg aria-hidden=\"true\" class=\"e-font-icon-svg e-fas-caret-right\" viewbox=\"0 0 192 512\" xmlns=\"http:\/\/www.w3.org\/2000\/svg\"><path d=\"M0 384.662V127.338c0-17.818 21.543-26.741 34.142-14.142l128.662 128.662c7.81 7.81 7.81 20.474 0 28.284L34.142 398.804C21.543 411.404 0 402.48 0 384.662z\"><\/path><\/svg>\t\t\t\t\t\t<\/span>\n\t\t\t\t\t\t\t\t\t\t<span class=\"elementor-icon-list-text\">Two terraces, approx. 46 sqm in total, partially covered<\/span>\n\t\t\t\t\t\t\t\t\t<\/li>\n\t\t\t\t\t\t\t\t<li class=\"elementor-icon-list-item\">\n\t\t\t\t\t\t\t\t\t\t\t<span class=\"elementor-icon-list-icon\">\n\t\t\t\t\t\t\t<svg aria-hidden=\"true\" class=\"e-font-icon-svg e-fas-caret-right\" viewbox=\"0 0 192 512\" xmlns=\"http:\/\/www.w3.org\/2000\/svg\"><path d=\"M0 384.662V127.338c0-17.818 21.543-26.741 34.142-14.142l128.662 128.662c7.81 7.81 7.81 20.474 0 28.284L34.142 398.804C21.543 411.404 0 402.48 0 384.662z\"><\/path><\/svg>\t\t\t\t\t\t<\/span>\n\t\t\t\t\t\t\t\t\t\t<span class=\"elementor-icon-list-text\">2 bedrooms, 2 bathrooms, kitchen, dining area and living room<\/span>\n\t\t\t\t\t\t\t\t\t<\/li>\n\t\t\t\t\t\t\t\t<li class=\"elementor-icon-list-item\">\n\t\t\t\t\t\t\t\t\t\t\t<span class=\"elementor-icon-list-icon\">\n\t\t\t\t\t\t\t<svg aria-hidden=\"true\" class=\"e-font-icon-svg e-fas-caret-right\" viewbox=\"0 0 192 512\" xmlns=\"http:\/\/www.w3.org\/2000\/svg\"><path d=\"M0 384.662V127.338c0-17.818 21.543-26.741 34.142-14.142l128.662 128.662c7.81 7.81 7.81 20.474 0 28.284L34.142 398.804C21.543 411.404 0 402.48 0 384.662z\"><\/path><\/svg>\t\t\t\t\t\t<\/span>\n\t\t\t\t\t\t\t\t\t\t<span class=\"elementor-icon-list-text\">High-speed internet access: free Wi-Fi<\/span>\n\t\t\t\t\t\t\t\t\t<\/li>\n\t\t\t\t\t\t\t\t<li class=\"elementor-icon-list-item\">\n\t\t\t\t\t\t\t\t\t\t\t<span class=\"elementor-icon-list-icon\">\n\t\t\t\t\t\t\t<svg aria-hidden=\"true\" class=\"e-font-icon-svg e-fas-caret-right\" viewbox=\"0 0 192 512\" xmlns=\"http:\/\/www.w3.org\/2000\/svg\"><path d=\"M0 384.662V127.338c0-17.818 21.543-26.741 34.142-14.142l128.662 128.662c7.81 7.81 7.81 20.474 0 28.284L34.142 398.804C21.543 411.404 0 402.48 0 384.662z\"><\/path><\/svg>\t\t\t\t\t\t<\/span>\n\t\t\t\t\t\t\t\t\t\t<span class=\"elementor-icon-list-text\">Non-smoking apartment \u2013 smoking permitted on the terrace<\/span>\n\t\t\t\t\t\t\t\t\t<\/li>\n\t\t\t\t\t\t<\/ul>\n\t\t\t\t\t\t<\/div>\n\t\t\t\t<\/div>\n\t\t\t\t<\/div>\n\t\t\t\t\t<\/div>\n\t\t\t\t<\/div>\n\t\t\t\t<div class=\"elementor-element elementor-element-7dc25f2 elementor-widget elementor-widget-image\" data-id=\"7dc25f2\" data-element_type=\"widget\" data-widget_type=\"image.default\">\n\t\t\t\t<div class=\"elementor-widget-container\">\n\t\t\t\t\t\t\t\t\t\t\t\t\t\t\t<img data-opt-id=1196001626  data-opt-src=\"https:\/\/mlmde7plnqzk.i.optimole.com\/w:1024\/h:687\/q:mauto\/ig:avif\/https:\/\/fuerteventurabeachhouse.com\/wp-content\/uploads\/2025\/03\/sonnenuntergang.jpg\"   decoding=\"async\" width=\"1024\" height=\"687\" src=\"data:image/svg+xml,%3Csvg%20viewBox%3D%220%200%201024%20687%22%20width%3D%221024%22%20height%3D%22687%22%20xmlns%3D%22http%3A%2F%2Fwww.w3.org%2F2000%2Fsvg%22%3E%3Crect%20width%3D%221024%22%20height%3D%22687%22%20fill%3D%22transparent%22%2F%3E%3C%2Fsvg%3E\" class=\"attachment-large size-large wp-image-2751\" alt=\"\" old-srcset=\"https:\/\/mlmde7plnqzk.i.optimole.com\/w:1024\/h:687\/q:mauto\/ig:avif\/https:\/\/fuerteventurabeachhouse.com\/wp-content\/uploads\/2025\/03\/sonnenuntergang.jpg 1024w, https:\/\/mlmde7plnqzk.i.optimole.com\/w:300\/h:201\/q:mauto\/ig:avif\/https:\/\/fuerteventurabeachhouse.com\/wp-content\/uploads\/2025\/03\/sonnenuntergang.jpg 300w, https:\/\/mlmde7plnqzk.i.optimole.com\/w:768\/h:515\/q:mauto\/ig:avif\/https:\/\/fuerteventurabeachhouse.com\/wp-content\/uploads\/2025\/03\/sonnenuntergang.jpg 768w, https:\/\/mlmde7plnqzk.i.optimole.com\/w:1280\/h:859\/q:mauto\/ig:avif\/https:\/\/fuerteventurabeachhouse.com\/wp-content\/uploads\/2025\/03\/sonnenuntergang.jpg 1280w\" \/>\t\t\t\t\t\t\t\t\t\t\t\t\t\t\t<\/div>\n\t\t\t\t<\/div>\n\t\t<div class=\"elementor-element elementor-element-2f0d723 e-flex e-con-boxed e-con e-child\" data-id=\"2f0d723\" data-element_type=\"container\">\n\t\t\t\t\t<div class=\"e-con-inner\">\n\t\t\t\t<div class=\"elementor-element elementor-element-3d3ca50 elementor-widget elementor-widget-heading\" data-id=\"3d3ca50\" data-element_type=\"widget\" data-widget_type=\"heading.default\">\n\t\t\t\t<div class=\"elementor-widget-container\">\n\t\t\t\t\t<h2 class=\"elementor-heading-title elementor-size-default\">Contact<\/h2>\t\t\t\t<\/div>\n\t\t\t\t<\/div>\n\t\t\t\t<div class=\"elementor-element elementor-element-25e8666 elementor-widget__width-initial elementor-button-align-stretch elementor-widget elementor-widget-form\" data-id=\"25e8666\" data-element_type=\"widget\" data-settings=\"{&quot;step_next_label&quot;:&quot;Next&quot;,&quot;step_previous_label&quot;:&quot;Previous&quot;,&quot;button_width&quot;:&quot;100&quot;,&quot;step_type&quot;:&quot;number_text&quot;,&quot;step_icon_shape&quot;:&quot;circle&quot;}\" data-widget_type=\"form.default\">\n\t\t\t\t<div class=\"elementor-widget-container\">\n\t\t\t\t\t\t\t<form class=\"elementor-form\" method=\"post\" name=\"New Form\" action=\"\">\n\t\t\t<input type=\"hidden\" name=\"post_id\" value=\"2259\"\/>\n\t\t\t<input type=\"hidden\" name=\"form_id\" value=\"25e8666\"\/>\n\t\t\t<input type=\"hidden\" name=\"referer_title\" value=\"\" \/>\n\n\t\t\t\n\t\t\t<div class=\"elementor-form-fields-wrapper elementor-labels-above\">\n\t\t\t\t\t\t\t\t<div class=\"elementor-field-type-text elementor-field-group elementor-column elementor-field-group-name elementor-col-50 elementor-field-required elementor-mark-required\">\n\t\t\t\t\t\t\t\t\t\t\t\t<label for=\"form-field-name\" class=\"elementor-field-label\">\n\t\t\t\t\t\t\t\tFirst Name\t\t\t\t\t\t\t<\/label>\n\t\t\t\t\t\t\t\t\t\t\t\t\t\t<input size=\"1\" type=\"text\" name=\"form_fields[name]\" id=\"form-field-name\" class=\"elementor-field elementor-size-sm  elementor-field-textual\" placeholder=\"First Name\" required=\"required\">\n\t\t\t\t\t\t\t\t\t\t\t<\/div>\n\t\t\t\t\t\t\t\t<div class=\"elementor-field-type-text elementor-field-group elementor-column elementor-field-group-field_afa8fcc elementor-col-50 elementor-field-required elementor-mark-required\">\n\t\t\t\t\t\t\t\t\t\t\t\t<label for=\"form-field-field_afa8fcc\" class=\"elementor-field-label\">\n\t\t\t\t\t\t\t\tSurname\t\t\t\t\t\t\t<\/label>\n\t\t\t\t\t\t\t\t\t\t\t\t\t\t<input size=\"1\" type=\"text\" name=\"form_fields[field_afa8fcc]\" id=\"form-field-field_afa8fcc\" class=\"elementor-field elementor-size-sm  elementor-field-textual\" placeholder=\"Surname\" required=\"required\">\n\t\t\t\t\t\t\t\t\t\t\t<\/div>\n\t\t\t\t\t\t\t\t<div class=\"elementor-field-type-email elementor-field-group elementor-column elementor-field-group-email elementor-col-100 elementor-field-required elementor-mark-required\">\n\t\t\t\t\t\t\t\t\t\t\t\t<label for=\"form-field-email\" class=\"elementor-field-label\">\n\t\t\t\t\t\t\t\tEmail\t\t\t\t\t\t\t<\/label>\n\t\t\t\t\t\t\t\t\t\t\t\t\t\t<input size=\"1\" type=\"email\" name=\"form_fields[email]\" id=\"form-field-email\" class=\"elementor-field elementor-size-sm  elementor-field-textual\" placeholder=\"Email\" required=\"required\">\n\t\t\t\t\t\t\t\t\t\t\t<\/div>\n\t\t\t\t\t\t\t\t<div class=\"elementor-field-type-textarea elementor-field-group elementor-column elementor-field-group-message elementor-col-100\">\n\t\t\t\t\t\t\t\t\t\t\t\t<label for=\"form-field-message\" class=\"elementor-field-label\">\n\t\t\t\t\t\t\t\tMessage\t\t\t\t\t\t\t<\/label>\n\t\t\t\t\t\t<textarea class=\"elementor-field-textual elementor-field  elementor-size-sm\" name=\"form_fields[message]\" id=\"form-field-message\" rows=\"4\" placeholder=\"Message\"><\/textarea>\t\t\t\t<\/div>\n\t\t\t\t\t\t\t\t<div class=\"elementor-field-group elementor-column elementor-field-type-submit elementor-col-100 e-form__buttons\">\n\t\t\t\t\t<button class=\"elementor-button elementor-size-sm\" type=\"submit\" id=\"contact\">\n\t\t\t\t\t\t<span class=\"elementor-button-content-wrapper\">\n\t\t\t\t\t\t\t\t\t\t\t\t\t\t\t\t\t\t\t\t\t\t<span class=\"elementor-button-text\">Send<\/span>\n\t\t\t\t\t\t\t\t\t\t\t\t\t<\/span>\n\t\t\t\t\t<\/button>\n\t\t\t\t<\/div>\n\t\t\t<\/div>\n\t\t<input type=\"hidden\" name=\"trp-form-language\" value=\"en\"\/><\/form>\n\t\t\t\t\t\t<\/div>\n\t\t\t\t<\/div>\n\t\t\t\t\t<\/div>\n\t\t\t\t<\/div>\n\t\t\t\t<\/div>\n\t\t\t\t<\/div>","protected":false},"excerpt":{"rendered":"<p>BEACH HOUSE CHRISTINE &#8211; COSTA CALMA, FUERTEVENTURA Kurzbeschreibung Das Strandapartment befindet sich an der Costa Calma (ruhige K\u00fcste), der schmalsten Stelle auf Fuerteventura. Costa Calma ist ein Ort von Fuerteventura, es sind viele Einkaufsm\u00f6glichkeiten, Restaurants und Freizeitm\u00f6glichkeiten vorhanden. Das Strandapartment, hat einen direkten Zugang zum Strand. Der hier beginnende helle Sandstrand reicht fast bis zum [&hellip;]<\/p>","protected":false},"author":1,"featured_media":0,"parent":0,"menu_order":0,"comment_status":"closed","ping_status":"closed","template":"elementor_header_footer","meta":{"site-sidebar-layout":"no-sidebar","site-content-layout":"page-builder","ast-site-content-layout":"normal-width-container","site-content-style":"unboxed","site-sidebar-style":"unboxed","ast-global-header-display":"","ast-banner-title-visibility":"","ast-main-header-display":"","ast-hfb-above-header-display":"","ast-hfb-below-header-display":"","ast-hfb-mobile-header-display":"","site-post-title":"disabled","ast-breadcrumbs-content":"","ast-featured-img":"disabled","footer-sml-layout":"","theme-transparent-header-meta":"","adv-header-id-meta":"","stick-header-meta":"","header-above-stick-meta":"","header-main-stick-meta":"","header-below-stick-meta":"","astra-migrate-meta-layouts":"set","ast-page-background-enabled":"default","ast-page-background-meta":{"desktop":{"background-color":"","background-image":"","background-repeat":"repeat","background-position":"center center","background-size":"auto","background-attachment":"scroll","background-type":"","background-media":"","overlay-type":"","overlay-color":"","overlay-opacity":"","overlay-gradient":""},"tablet":{"background-color":"","background-image":"","background-repeat":"repeat","background-position":"center center","background-size":"auto","background-attachment":"scroll","background-type":"","background-media":"","overlay-type":"","overlay-color":"","overlay-opacity":"","overlay-gradient":""},"mobile":{"background-color":"","background-image":"","background-repeat":"repeat","background-position":"center center","background-size":"auto","background-attachment":"scroll","background-type":"","background-media":"","overlay-type":"","overlay-color":"","overlay-opacity":"","overlay-gradient":""}},"ast-content-background-meta":{"desktop":{"background-color":"var(--ast-global-color-5)","background-image":"","background-repeat":"repeat","background-position":"center center","background-size":"auto","background-attachment":"scroll","background-type":"","background-media":"","overlay-type":"","overlay-color":"","overlay-opacity":"","overlay-gradient":""},"tablet":{"background-color":"var(--ast-global-color-5)","background-image":"","background-repeat":"repeat","background-position":"center center","background-size":"auto","background-attachment":"scroll","background-type":"","background-media":"","overlay-type":"","overlay-color":"","overlay-opacity":"","overlay-gradient":""},"mobile":{"background-color":"var(--ast-global-color-5)","background-image":"","background-repeat":"repeat","background-position":"center center","background-size":"auto","background-attachment":"scroll","background-type":"","background-media":"","overlay-type":"","overlay-color":"","overlay-opacity":"","overlay-gradient":""}},"footnotes":""},"class_list":["post-2259","page","type-page","status-publish","hentry"],"_links":{"self":[{"href":"https:\/\/fuerteventurabeachhouse.com\/en\/wp-json\/wp\/v2\/pages\/2259","targetHints":{"allow":["GET"]}}],"collection":[{"href":"https:\/\/fuerteventurabeachhouse.com\/en\/wp-json\/wp\/v2\/pages"}],"about":[{"href":"https:\/\/fuerteventurabeachhouse.com\/en\/wp-json\/wp\/v2\/types\/page"}],"author":[{"embeddable":true,"href":"https:\/\/fuerteventurabeachhouse.com\/en\/wp-json\/wp\/v2\/users\/1"}],"replies":[{"embeddable":true,"href":"https:\/\/fuerteventurabeachhouse.com\/en\/wp-json\/wp\/v2\/comments?post=2259"}],"version-history":[{"count":314,"href":"https:\/\/fuerteventurabeachhouse.com\/en\/wp-json\/wp\/v2\/pages\/2259\/revisions"}],"predecessor-version":[{"id":3112,"href":"https:\/\/fuerteventurabeachhouse.com\/en\/wp-json\/wp\/v2\/pages\/2259\/revisions\/3112"}],"wp:attachment":[{"href":"https:\/\/fuerteventurabeachhouse.com\/en\/wp-json\/wp\/v2\/media?parent=2259"}],"curies":[{"name":"wp","href":"https:\/\/api.w.org\/{rel}","templated":true}]}}